{"id":254,"date":"2020-11-02T20:30:20","date_gmt":"2020-11-02T23:30:20","guid":{"rendered":"http:\/\/gestosemblematicos.vaelp-tl.com\/?page_id=254"},"modified":"2020-11-17T14:26:46","modified_gmt":"2020-11-17T17:26:46","slug":"variantes-do-gesto-alvo","status":"publish","type":"page","link":"https:\/\/gestosemblematicos.vaelp-tl.com\/index.php\/variantes-do-gesto-alvo\/","title":{"rendered":"Variantes do gesto alvo"},"content":{"rendered":"\t\t<div data-elementor-type=\"wp-page\" data-elementor-id=\"254\" class=\"elementor elementor-254\">\n\t\t\t\t\t\t<section class=\"elementor-section elementor-top-section elementor-element elementor-element-2fef2d8 elementor-section-boxed elementor-section-height-default elementor-section-height-default\" data-id=\"2fef2d8\" data-element_type=\"section\">\n\t\t\t\t\t\t<div class=\"elementor-container elementor-column-gap-default\">\n\t\t\t\t\t<div class=\"elementor-column elementor-col-100 elementor-top-column elementor-element elementor-element-7086556\" data-id=\"7086556\" data-element_type=\"column\">\n\t\t\t<div class=\"elementor-widget-wrap elementor-element-populated\">\n\t\t\t\t\t\t<div class=\"elementor-element elementor-element-d309231 elementor-align-justify elementor-widget elementor-widget-button\" data-id=\"d309231\" data-element_type=\"widget\" data-widget_type=\"button.default\">\n\t\t\t\t<div class=\"elementor-widget-container\">\n\t\t\t\t\t<div class=\"elementor-button-wrapper\">\n\t\t\t<a class=\"elementor-button elementor-button-link elementor-size-md\" href=\"http:\/\/gestosemblematicos.vaelp-tl.com\/index.php\/mapa-geral\/\">\n\t\t\t\t\t\t<span class=\"elementor-button-content-wrapper\">\n\t\t\t\t\t\t<span class=\"elementor-button-icon\">\n\t\t\t\t<i aria-hidden=\"true\" class=\"fas fa-sitemap\"><\/i>\t\t\t<\/span>\n\t\t\t\t\t\t\t\t\t<span class=\"elementor-button-text\">MAPA GERAL<\/span>\n\t\t\t\t\t<\/span>\n\t\t\t\t\t<\/a>\n\t\t<\/div>\n\t\t\t\t<\/div>\n\t\t\t\t<\/div>\n\t\t\t\t\t<\/div>\n\t\t<\/div>\n\t\t\t\t\t<\/div>\n\t\t<\/section>\n\t\t\t\t<section class=\"elementor-section elementor-top-section elementor-element elementor-element-b5755c5 elementor-section-boxed elementor-section-height-default elementor-section-height-default\" data-id=\"b5755c5\" data-element_type=\"section\">\n\t\t\t\t\t\t<div class=\"elementor-container elementor-column-gap-default\">\n\t\t\t\t\t<div class=\"elementor-column elementor-col-100 elementor-top-column elementor-element elementor-element-7e79625\" data-id=\"7e79625\" data-element_type=\"column\">\n\t\t\t<div class=\"elementor-widget-wrap elementor-element-populated\">\n\t\t\t\t\t\t<div class=\"elementor-element elementor-element-2ba073c elementor-align-justify elementor-widget elementor-widget-button\" data-id=\"2ba073c\" data-element_type=\"widget\" data-widget_type=\"button.default\">\n\t\t\t\t<div class=\"elementor-widget-container\">\n\t\t\t\t\t<div class=\"elementor-button-wrapper\">\n\t\t\t<a class=\"elementor-button elementor-button-link elementor-size-md\" href=\"http:\/\/gestosemblematicos.vaelp-tl.com\/index.php\/perfil-dos-participantes\/\">\n\t\t\t\t\t\t<span class=\"elementor-button-content-wrapper\">\n\t\t\t\t\t\t<span class=\"elementor-button-icon\">\n\t\t\t\t<i aria-hidden=\"true\" class=\"fas fa-users\"><\/i>\t\t\t<\/span>\n\t\t\t\t\t\t\t\t\t<span class=\"elementor-button-text\">PERFIL DOS PARTICIPANTES<\/span>\n\t\t\t\t\t<\/span>\n\t\t\t\t\t<\/a>\n\t\t<\/div>\n\t\t\t\t<\/div>\n\t\t\t\t<\/div>\n\t\t\t\t\t<\/div>\n\t\t<\/div>\n\t\t\t\t\t<\/div>\n\t\t<\/section>\n\t\t\t\t<section class=\"elementor-section elementor-top-section elementor-element elementor-element-caa747c elementor-section-boxed elementor-section-height-default elementor-section-height-default\" data-id=\"caa747c\" data-element_type=\"section\">\n\t\t\t\t\t\t<div class=\"elementor-container elementor-column-gap-default\">\n\t\t\t\t\t<div class=\"elementor-column elementor-col-100 elementor-top-column elementor-element elementor-element-bc04949\" data-id=\"bc04949\" data-element_type=\"column\">\n\t\t\t<div class=\"elementor-widget-wrap elementor-element-populated\">\n\t\t\t\t\t\t<div class=\"elementor-element elementor-element-ee68df3 elementor-align-justify elementor-widget elementor-widget-button\" data-id=\"ee68df3\" data-element_type=\"widget\" data-widget_type=\"button.default\">\n\t\t\t\t<div class=\"elementor-widget-container\">\n\t\t\t\t\t<div class=\"elementor-button-wrapper\">\n\t\t\t<a class=\"elementor-button elementor-button-link elementor-size-md\" href=\"http:\/\/gestosemblematicos.vaelp-tl.com\/index.php\/protocolo-da-coleta-de-dados\/\">\n\t\t\t\t\t\t<span class=\"elementor-button-content-wrapper\">\n\t\t\t\t\t\t<span class=\"elementor-button-icon\">\n\t\t\t\t<i aria-hidden=\"true\" class=\"far fa-file-alt\"><\/i>\t\t\t<\/span>\n\t\t\t\t\t\t\t\t\t<span class=\"elementor-button-text\">PROTOCOLO DA COLETA DE DADOS<\/span>\n\t\t\t\t\t<\/span>\n\t\t\t\t\t<\/a>\n\t\t<\/div>\n\t\t\t\t<\/div>\n\t\t\t\t<\/div>\n\t\t\t\t\t<\/div>\n\t\t<\/div>\n\t\t\t\t\t<\/div>\n\t\t<\/section>\n\t\t\t\t<section class=\"elementor-section elementor-top-section elementor-element elementor-element-1ee905c elementor-section-boxed elementor-section-height-default elementor-section-height-default\" data-id=\"1ee905c\" data-element_type=\"section\">\n\t\t\t\t\t\t<div class=\"elementor-container elementor-column-gap-default\">\n\t\t\t\t\t<div class=\"elementor-column elementor-col-100 elementor-top-column elementor-element elementor-element-40be121\" data-id=\"40be121\" data-element_type=\"column\">\n\t\t\t<div class=\"elementor-widget-wrap elementor-element-populated\">\n\t\t\t\t\t\t<div class=\"elementor-element elementor-element-8714dbb elementor-widget elementor-widget-spacer\" data-id=\"8714dbb\" data-element_type=\"widget\" data-widget_type=\"spacer.default\">\n\t\t\t\t<div class=\"elementor-widget-container\">\n\t\t\t\t\t<div class=\"elementor-spacer\">\n\t\t\t<div class=\"elementor-spacer-inner\"><\/div>\n\t\t<\/div>\n\t\t\t\t<\/div>\n\t\t\t\t<\/div>\n\t\t\t\t\t<\/div>\n\t\t<\/div>\n\t\t\t\t\t<\/div>\n\t\t<\/section>\n\t\t\t\t<section class=\"elementor-section elementor-top-section elementor-element elementor-element-7dc3337 elementor-section-boxed elementor-section-height-default elementor-section-height-default\" data-id=\"7dc3337\" data-element_type=\"section\">\n\t\t\t\t\t\t<div class=\"elementor-container elementor-column-gap-default\">\n\t\t\t\t\t<div class=\"elementor-column elementor-col-100 elementor-top-column elementor-element elementor-element-757ba51\" data-id=\"757ba51\" data-element_type=\"column\">\n\t\t\t<div class=\"elementor-widget-wrap elementor-element-populated\">\n\t\t\t\t\t\t<div class=\"elementor-element elementor-element-d890c5a elementor-button-info elementor-align-justify elementor-widget elementor-widget-button\" data-id=\"d890c5a\" data-element_type=\"widget\" data-widget_type=\"button.default\">\n\t\t\t\t<div class=\"elementor-widget-container\">\n\t\t\t\t\t<div class=\"elementor-button-wrapper\">\n\t\t\t<a class=\"elementor-button elementor-button-link elementor-size-md\" href=\"http:\/\/gestosemblematicos.vaelp-tl.com\/index.php\/segmentacao-de-dados-no-elan\/\">\n\t\t\t\t\t\t<span class=\"elementor-button-content-wrapper\">\n\t\t\t\t\t\t<span class=\"elementor-button-icon\">\n\t\t\t\t<i aria-hidden=\"true\" class=\"fas fa-database\"><\/i>\t\t\t<\/span>\n\t\t\t\t\t\t\t\t\t<span class=\"elementor-button-text\">TRATAMENTO DOS DADOS NO ELAN<\/span>\n\t\t\t\t\t<\/span>\n\t\t\t\t\t<\/a>\n\t\t<\/div>\n\t\t\t\t<\/div>\n\t\t\t\t<\/div>\n\t\t\t\t<div class=\"elementor-element elementor-element-1e95399 elementor-widget elementor-widget-text-editor\" data-id=\"1e95399\" data-element_type=\"widget\" data-widget_type=\"text-editor.default\">\n\t\t\t\t<div class=\"elementor-widget-container\">\n\t\t\t\t\t\t\t<p style=\"text-align: justify;\"><span style=\"color: #000000; font-size: 12pt; font-family: georgia, palatino, serif;\">Quer ter acesso \u00e0 transcri\u00e7\u00e3o dos dados deste estudo feito no ELAN? Nos itens a seguir, voc\u00ea encontrar\u00e1: a) o acervo de v\u00eddeos coletados em cada comunidade de pr\u00e1tica e os arquivos em .eaf; b) um tutorial que o auxiliar\u00e1 a abrir os arquivos no ELAN.<\/span><\/p>\t\t\t\t\t\t<\/div>\n\t\t\t\t<\/div>\n\t\t\t\t\t<\/div>\n\t\t<\/div>\n\t\t\t\t\t<\/div>\n\t\t<\/section>\n\t\t\t\t<section class=\"elementor-section elementor-top-section elementor-element elementor-element-e94b18b elementor-section-boxed elementor-section-height-default elementor-section-height-default\" data-id=\"e94b18b\" data-element_type=\"section\">\n\t\t\t\t\t\t<div class=\"elementor-container elementor-column-gap-default\">\n\t\t\t\t\t<div class=\"elementor-column elementor-col-100 elementor-top-column elementor-element elementor-element-482763b\" data-id=\"482763b\" data-element_type=\"column\">\n\t\t\t<div class=\"elementor-widget-wrap elementor-element-populated\">\n\t\t\t\t\t\t<div class=\"elementor-element elementor-element-3a680b3 elementor-button-info elementor-align-justify elementor-widget elementor-widget-button\" data-id=\"3a680b3\" data-element_type=\"widget\" data-widget_type=\"button.default\">\n\t\t\t\t<div class=\"elementor-widget-container\">\n\t\t\t\t\t<div class=\"elementor-button-wrapper\">\n\t\t\t<a class=\"elementor-button elementor-button-link elementor-size-md\" href=\"http:\/\/gestosemblematicos.vaelp-tl.com\/index.php\/variantes-do-gesto-alvo-cloud\/\">\n\t\t\t\t\t\t<span class=\"elementor-button-content-wrapper\">\n\t\t\t\t\t\t<span class=\"elementor-button-icon\">\n\t\t\t\t<i aria-hidden=\"true\" class=\"far fa-check-circle\"><\/i>\t\t\t<\/span>\n\t\t\t\t\t\t\t\t\t<span class=\"elementor-button-text\">VARIANTES DO GESTO ALVO<\/span>\n\t\t\t\t\t<\/span>\n\t\t\t\t\t<\/a>\n\t\t<\/div>\n\t\t\t\t<\/div>\n\t\t\t\t<\/div>\n\t\t\t\t<div class=\"elementor-element elementor-element-cd31bf6 elementor-widget elementor-widget-text-editor\" data-id=\"cd31bf6\" data-element_type=\"widget\" data-widget_type=\"text-editor.default\">\n\t\t\t\t<div class=\"elementor-widget-container\">\n\t\t\t\t\t\t\t<p><span style=\"font-size: 12pt; color: #000000; font-family: georgia, palatino, serif;\">Neste grupo, foram elencadas as variantes referentes ao gesto-alvo, ou seja, quando o indiv\u00edduo atribui o significado de um gesto-alvo a outro gesto que ele usa em seu cotidiano.<\/span><\/p><p><span style=\"font-family: georgia, palatino, serif; font-size: 12pt;\"><strong><span style=\"color: #000000;\">Em suma, o mesmo significado est\u00e1 sendo representado por um gesto emblem\u00e1tico diferente.<\/span><\/strong><\/span><\/p>\t\t\t\t\t\t<\/div>\n\t\t\t\t<\/div>\n\t\t\t\t\t<\/div>\n\t\t<\/div>\n\t\t\t\t\t<\/div>\n\t\t<\/section>\n\t\t\t\t<section class=\"elementor-section elementor-top-section elementor-element elementor-element-d15b222 elementor-section-boxed elementor-section-height-default elementor-section-height-default\" data-id=\"d15b222\" data-element_type=\"section\">\n\t\t\t\t\t\t<div class=\"elementor-container elementor-column-gap-default\">\n\t\t\t\t\t<div class=\"elementor-column elementor-col-100 elementor-top-column elementor-element elementor-element-9670058\" data-id=\"9670058\" data-element_type=\"column\">\n\t\t\t<div class=\"elementor-widget-wrap elementor-element-populated\">\n\t\t\t\t\t\t<div class=\"elementor-element elementor-element-211dc2c elementor-button-info elementor-align-justify elementor-widget elementor-widget-button\" data-id=\"211dc2c\" data-element_type=\"widget\" data-widget_type=\"button.default\">\n\t\t\t\t<div class=\"elementor-widget-container\">\n\t\t\t\t\t<div class=\"elementor-button-wrapper\">\n\t\t\t<a class=\"elementor-button elementor-button-link elementor-size-md\" href=\"https:\/\/drive.google.com\/file\/d\/1SKONxpY1ohLWbvpI__npJuBEsu6ckAJ3\/view\" target=\"_blank\">\n\t\t\t\t\t\t<span class=\"elementor-button-content-wrapper\">\n\t\t\t\t\t\t<span class=\"elementor-button-icon\">\n\t\t\t\t<i aria-hidden=\"true\" class=\"fas fa-bookmark\"><\/i>\t\t\t<\/span>\n\t\t\t\t\t\t\t\t\t<span class=\"elementor-button-text\">VARIA\u00c7\u00c3O DO SIGNIFICADO<\/span>\n\t\t\t\t\t<\/span>\n\t\t\t\t\t<\/a>\n\t\t<\/div>\n\t\t\t\t<\/div>\n\t\t\t\t<\/div>\n\t\t\t\t<div class=\"elementor-element elementor-element-7a1a6b4 elementor-widget elementor-widget-text-editor\" data-id=\"7a1a6b4\" data-element_type=\"widget\" data-widget_type=\"text-editor.default\">\n\t\t\t\t<div class=\"elementor-widget-container\">\n\t\t\t\t\t\t\t<p style=\"margin: 0cm; margin-bottom: .0001pt;\"><span style=\"font-family: georgia, palatino, serif; color: black; font-size: 12pt;\">Neste grupo, foram reunidos os gestos que apresentaram significados diferentes do esperado.\u00a0Ex.: gesto de vazar&gt; o participante registra outro significado para o gesto, a saber: baba ovo.\u00a0<\/span><\/p><p style=\"margin: 0cm; margin-bottom: .0001pt;\"><span style=\"font-family: georgia, palatino, serif; font-size: 12pt;\"><strong><span style=\"color: black;\">Em suma, o mesmo gesto possui significado diferente.<\/span><\/strong><\/span><\/p>\t\t\t\t\t\t<\/div>\n\t\t\t\t<\/div>\n\t\t\t\t\t<\/div>\n\t\t<\/div>\n\t\t\t\t\t<\/div>\n\t\t<\/section>\n\t\t\t\t<\/div>\n\t\t","protected":false},"excerpt":{"rendered":"<p>MAPA GERAL PERFIL DOS PARTICIPANTES PROTOCOLO DA COLETA DE DADOS TRATAMENTO DOS DADOS NO ELAN Quer ter acesso \u00e0 transcri\u00e7\u00e3o dos dados deste estudo feito no ELAN? Nos itens a seguir, voc\u00ea encontrar\u00e1: a) o acervo de v\u00eddeos coletados em<\/p>\n","protected":false},"author":1,"featured_media":0,"parent":0,"menu_order":0,"comment_status":"closed","ping_status":"closed","template":"","meta":{"footnotes":""},"_links":{"self":[{"href":"https:\/\/gestosemblematicos.vaelp-tl.com\/index.php\/wp-json\/wp\/v2\/pages\/254"}],"collection":[{"href":"https:\/\/gestosemblematicos.vaelp-tl.com\/index.php\/wp-json\/wp\/v2\/pages"}],"about":[{"href":"https:\/\/gestosemblematicos.vaelp-tl.com\/index.php\/wp-json\/wp\/v2\/types\/page"}],"author":[{"embeddable":true,"href":"https:\/\/gestosemblematicos.vaelp-tl.com\/index.php\/wp-json\/wp\/v2\/users\/1"}],"replies":[{"embeddable":true,"href":"https:\/\/gestosemblematicos.vaelp-tl.com\/index.php\/wp-json\/wp\/v2\/comments?post=254"}],"version-history":[{"count":32,"href":"https:\/\/gestosemblematicos.vaelp-tl.com\/index.php\/wp-json\/wp\/v2\/pages\/254\/revisions"}],"predecessor-version":[{"id":438,"href":"https:\/\/gestosemblematicos.vaelp-tl.com\/index.php\/wp-json\/wp\/v2\/pages\/254\/revisions\/438"}],"wp:attachment":[{"href":"https:\/\/gestosemblematicos.vaelp-tl.com\/index.php\/wp-json\/wp\/v2\/media?parent=254"}],"curies":[{"name":"wp","href":"https:\/\/api.w.org\/{rel}","templated":true}]}}